{"id":208,"date":"2020-03-23T12:25:19","date_gmt":"2020-03-23T12:25:19","guid":{"rendered":"http:\/\/die-hairzstube.de\/?page_id=208"},"modified":"2025-07-16T12:24:38","modified_gmt":"2025-07-16T12:24:38","slug":"das-team-der-hairzstube","status":"publish","type":"page","link":"https:\/\/die-hairzstube.de\/?page_id=208","title":{"rendered":"Das Team"},"content":{"rendered":"\n<figure class=\"wp-block-image size-large\"><img loading=\"lazy\" decoding=\"async\" width=\"1024\" height=\"683\" src=\"http:\/\/die-hairzstube.de\/wp-content\/uploads\/2021\/02\/CLHT7840-1024x683.jpg\" alt=\"\" class=\"wp-image-578\" srcset=\"https:\/\/die-hairzstube.de\/wp-content\/uploads\/2021\/02\/CLHT7840-1024x683.jpg 1024w, https:\/\/die-hairzstube.de\/wp-content\/uploads\/2021\/02\/CLHT7840-300x200.jpg 300w, https:\/\/die-hairzstube.de\/wp-content\/uploads\/2021\/02\/CLHT7840-768x512.jpg 768w, https:\/\/die-hairzstube.de\/wp-content\/uploads\/2021\/02\/CLHT7840.jpg 1080w\" sizes=\"auto, (max-width: 1024px) 100vw, 1024px\" \/><figcaption class=\"wp-element-caption\"><em> <strong>Hier sind Sie Mensch, <\/strong>               <strong>Hier d\u00fcrfen Sie sein..<\/strong><\/em><br><br> <strong>Ihr Wohlbefinden steht bei uns an erster Stelle. Wir sind ein freundliches, motiviertes Team, das gerne seine Kreativit\u00e4t nutzt, um Sie individuell ihrem Typ entsprechend zu beraten und gl\u00fccklich zu machen, denn es ist immer unser Ziel Ihre innere Sch\u00f6nheit nach au\u00dfen zu tragen. <\/strong><br><br> <strong>Auch unsere Serviceleistungen wie zum Beispiel eine entspannende Kopfmassage, welche Sie zu einer Haarpflege automatisch dazu buchen, tragen dazu bei, dass Sie sich wohl f\u00fchlen. Bei uns k\u00f6nnen Sie entspannen und sich verw\u00f6hnen lassen. <\/strong><br><strong>Wir sind Ihr Friseur. <\/strong> <\/figcaption><\/figure>\n\n\n\n<div class=\"wp-block-group\"><div class=\"wp-block-group__inner-container is-layout-flow wp-block-group-is-layout-flow\">\n<div class=\"wp-block-group\"><div class=\"wp-block-group__inner-container is-layout-flow wp-block-group-is-layout-flow\">\n<figure class=\"wp-block-gallery has-nested-images columns-3 is-cropped wp-block-gallery-1 is-layout-flex wp-block-gallery-is-layout-flex\">\n<figure class=\"wp-block-image size-large\"><img loading=\"lazy\" decoding=\"async\" width=\"683\" height=\"1024\" data-id=\"485\" src=\"https:\/\/die-hairzstube.de\/wp-content\/uploads\/2020\/03\/042247ea-9418-4949-a908-951b339a71a5-683x1024.jpg\" alt=\"\" class=\"wp-image-485\" srcset=\"https:\/\/die-hairzstube.de\/wp-content\/uploads\/2020\/03\/042247ea-9418-4949-a908-951b339a71a5-683x1024.jpg 683w, https:\/\/die-hairzstube.de\/wp-content\/uploads\/2020\/03\/042247ea-9418-4949-a908-951b339a71a5-200x300.jpg 200w, https:\/\/die-hairzstube.de\/wp-content\/uploads\/2020\/03\/042247ea-9418-4949-a908-951b339a71a5-768x1152.jpg 768w, https:\/\/die-hairzstube.de\/wp-content\/uploads\/2020\/03\/042247ea-9418-4949-a908-951b339a71a5.jpg 1000w\" sizes=\"auto, (max-width: 683px) 100vw, 683px\" \/><figcaption class=\"wp-element-caption\">Melina Scholz<br>Friseurmeisterin &amp; Inhaberin<\/figcaption><\/figure>\n\n\n\n<figure class=\"wp-block-image size-large\"><img loading=\"lazy\" decoding=\"async\" width=\"365\" height=\"543\" data-id=\"582\" src=\"https:\/\/die-hairzstube.de\/wp-content\/uploads\/2021\/02\/Elke_mittel.png\" alt=\"\" class=\"wp-image-582\" srcset=\"https:\/\/die-hairzstube.de\/wp-content\/uploads\/2021\/02\/Elke_mittel.png 365w, https:\/\/die-hairzstube.de\/wp-content\/uploads\/2021\/02\/Elke_mittel-202x300.png 202w\" sizes=\"auto, (max-width: 365px) 100vw, 365px\" \/><figcaption class=\"wp-element-caption\">Elke<br>Friseurin<\/figcaption><\/figure>\n\n\n\n<figure class=\"wp-block-image size-large\"><img loading=\"lazy\" decoding=\"async\" width=\"443\" height=\"577\" data-id=\"581\" src=\"https:\/\/die-hairzstube.de\/wp-content\/uploads\/2021\/02\/Jola_mittel.png\" alt=\"\" class=\"wp-image-581\" srcset=\"https:\/\/die-hairzstube.de\/wp-content\/uploads\/2021\/02\/Jola_mittel.png 443w, https:\/\/die-hairzstube.de\/wp-content\/uploads\/2021\/02\/Jola_mittel-230x300.png 230w\" sizes=\"auto, (max-width: 443px) 100vw, 443px\" \/><figcaption class=\"wp-element-caption\">Jola<br>Herren &amp; Kinderfriseurin<\/figcaption><\/figure>\n<\/figure>\n<\/div><\/div>\n<\/div><\/div>\n\n\n\n<div class=\"wp-block-group\"><div class=\"wp-block-group__inner-container is-layout-flow wp-block-group-is-layout-flow\"><\/div><\/div>\n\n\n\n<p><\/p>\n","protected":false},"excerpt":{"rendered":"","protected":false},"author":1,"featured_media":0,"parent":0,"menu_order":2,"comment_status":"closed","ping_status":"closed","template":"","meta":{"footnotes":""},"class_list":["post-208","page","type-page","status-publish","hentry"],"_links":{"self":[{"href":"https:\/\/die-hairzstube.de\/index.php?rest_route=\/wp\/v2\/pages\/208","targetHints":{"allow":["GET"]}}],"collection":[{"href":"https:\/\/die-hairzstube.de\/index.php?rest_route=\/wp\/v2\/pages"}],"about":[{"href":"https:\/\/die-hairzstube.de\/index.php?rest_route=\/wp\/v2\/types\/page"}],"author":[{"embeddable":true,"href":"https:\/\/die-hairzstube.de\/index.php?rest_route=\/wp\/v2\/users\/1"}],"replies":[{"embeddable":true,"href":"https:\/\/die-hairzstube.de\/index.php?rest_route=%2Fwp%2Fv2%2Fcomments&post=208"}],"version-history":[{"count":23,"href":"https:\/\/die-hairzstube.de\/index.php?rest_route=\/wp\/v2\/pages\/208\/revisions"}],"predecessor-version":[{"id":620,"href":"https:\/\/die-hairzstube.de\/index.php?rest_route=\/wp\/v2\/pages\/208\/revisions\/620"}],"wp:attachment":[{"href":"https:\/\/die-hairzstube.de\/index.php?rest_route=%2Fwp%2Fv2%2Fmedia&parent=208"}],"curies":[{"name":"wp","href":"https:\/\/api.w.org\/{rel}","templated":true}]}}